{"id":1036,"date":"2020-02-06T16:09:50","date_gmt":"2020-02-06T15:09:50","guid":{"rendered":"http:\/\/lescalepaysanne.com\/?page_id=1036"},"modified":"2020-05-30T12:08:06","modified_gmt":"2020-05-30T10:08:06","slug":"animations-archives","status":"publish","type":"page","link":"https:\/\/lescalepaysanne.com\/index.php\/animations-archives\/","title":{"rendered":"Animations archives"},"content":{"rendered":"\n<h2 class=\"wp-block-heading\">Hiver\/Printemps 2020 : Janvier \u00e0 Juin<\/h2>\n\n\n\n<ul class=\"wp-block-gallery columns-2 is-cropped wp-block-gallery-1 is-layout-flex wp-block-gallery-is-layout-flex\"><li class=\"blocks-gallery-item\"><figure><img loading=\"lazy\" decoding=\"async\" width=\"720\" height=\"960\" src=\"http:\/\/lescalepaysanne.com\/wp-content\/uploads\/2020\/05\/Diapositive2.jpg\" alt=\"\" data-id=\"1087\" class=\"wp-image-1087\" srcset=\"https:\/\/lescalepaysanne.com\/wp-content\/uploads\/2020\/05\/Diapositive2.jpg 720w, https:\/\/lescalepaysanne.com\/wp-content\/uploads\/2020\/05\/Diapositive2-225x300.jpg 225w\" sizes=\"auto, (max-width: 720px) 100vw, 720px\" \/><\/figure><\/li><li class=\"blocks-gallery-item\"><figure><img loading=\"lazy\" decoding=\"async\" width=\"720\" height=\"960\" src=\"http:\/\/lescalepaysanne.com\/wp-content\/uploads\/2020\/05\/Diapositive3.jpg\" alt=\"\" data-id=\"1088\" data-link=\"http:\/\/lescalepaysanne.com\/index.php\/animations-archives\/diapositive3-5\/\" class=\"wp-image-1088\" srcset=\"https:\/\/lescalepaysanne.com\/wp-content\/uploads\/2020\/05\/Diapositive3.jpg 720w, https:\/\/lescalepaysanne.com\/wp-content\/uploads\/2020\/05\/Diapositive3-225x300.jpg 225w\" sizes=\"auto, (max-width: 720px) 100vw, 720px\" \/><\/figure><\/li><li class=\"blocks-gallery-item\"><figure><img loading=\"lazy\" decoding=\"async\" width=\"720\" height=\"960\" src=\"http:\/\/lescalepaysanne.com\/wp-content\/uploads\/2020\/05\/Diapositive4.jpg\" alt=\"\" data-id=\"1089\" data-link=\"http:\/\/lescalepaysanne.com\/index.php\/animations-archives\/diapositive4-5\/\" class=\"wp-image-1089\" srcset=\"https:\/\/lescalepaysanne.com\/wp-content\/uploads\/2020\/05\/Diapositive4.jpg 720w, https:\/\/lescalepaysanne.com\/wp-content\/uploads\/2020\/05\/Diapositive4-225x300.jpg 225w\" sizes=\"auto, (max-width: 720px) 100vw, 720px\" \/><\/figure><\/li><li class=\"blocks-gallery-item\"><figure><img loading=\"lazy\" decoding=\"async\" width=\"720\" height=\"960\" src=\"http:\/\/lescalepaysanne.com\/wp-content\/uploads\/2020\/05\/Diapositive5.jpg\" alt=\"\" data-id=\"1090\" data-link=\"http:\/\/lescalepaysanne.com\/index.php\/animations-archives\/diapositive5-4\/\" class=\"wp-image-1090\" srcset=\"https:\/\/lescalepaysanne.com\/wp-content\/uploads\/2020\/05\/Diapositive5.jpg 720w, https:\/\/lescalepaysanne.com\/wp-content\/uploads\/2020\/05\/Diapositive5-225x300.jpg 225w\" sizes=\"auto, (max-width: 720px) 100vw, 720px\" \/><\/figure><\/li><li class=\"blocks-gallery-item\"><figure><img loading=\"lazy\" decoding=\"async\" width=\"720\" height=\"960\" src=\"http:\/\/lescalepaysanne.com\/wp-content\/uploads\/2020\/05\/Diapositive6.jpg\" alt=\"\" data-id=\"1091\" data-link=\"http:\/\/lescalepaysanne.com\/index.php\/animations-archives\/diapositive6-3\/\" class=\"wp-image-1091\" srcset=\"https:\/\/lescalepaysanne.com\/wp-content\/uploads\/2020\/05\/Diapositive6.jpg 720w, https:\/\/lescalepaysanne.com\/wp-content\/uploads\/2020\/05\/Diapositive6-225x300.jpg 225w\" sizes=\"auto, (max-width: 720px) 100vw, 720px\" \/><\/figure><\/li><li class=\"blocks-gallery-item\"><figure><img loading=\"lazy\" decoding=\"async\" width=\"720\" height=\"960\" src=\"http:\/\/lescalepaysanne.com\/wp-content\/uploads\/2020\/05\/Diapositive7.jpg\" alt=\"\" data-id=\"1092\" data-link=\"http:\/\/lescalepaysanne.com\/index.php\/animations-archives\/diapositive7-4\/\" class=\"wp-image-1092\" srcset=\"https:\/\/lescalepaysanne.com\/wp-content\/uploads\/2020\/05\/Diapositive7.jpg 720w, https:\/\/lescalepaysanne.com\/wp-content\/uploads\/2020\/05\/Diapositive7-225x300.jpg 225w\" sizes=\"auto, (max-width: 720px) 100vw, 720px\" \/><\/figure><\/li><\/ul>\n\n\n\n<h2 class=\"wp-block-heading\">Automne 2019 : Septembre \u00e0 D\u00e9cembre<\/h2>\n\n\n\n<ul class=\"wp-block-gallery columns-2 is-cropped wp-block-gallery-2 is-layout-flex wp-block-gallery-is-layout-flex\"><li class=\"blocks-gallery-item\"><figure><img loading=\"lazy\" decoding=\"async\" width=\"720\" height=\"960\" src=\"http:\/\/lescalepaysanne.com\/wp-content\/uploads\/2020\/02\/Diapositive2-5.jpg\" alt=\"\" data-id=\"1042\" data-link=\"http:\/\/lescalepaysanne.com\/index.php\/animations-archives\/diapositive2-5\/\" class=\"wp-image-1042\" srcset=\"https:\/\/lescalepaysanne.com\/wp-content\/uploads\/2020\/02\/Diapositive2-5.jpg 720w, https:\/\/lescalepaysanne.com\/wp-content\/uploads\/2020\/02\/Diapositive2-5-225x300.jpg 225w\" sizes=\"auto, (max-width: 720px) 100vw, 720px\" \/><\/figure><\/li><li class=\"blocks-gallery-item\"><figure><img loading=\"lazy\" decoding=\"async\" width=\"720\" height=\"960\" src=\"http:\/\/lescalepaysanne.com\/wp-content\/uploads\/2020\/02\/Diapositive3-4.jpg\" alt=\"\" data-id=\"1043\" data-link=\"http:\/\/lescalepaysanne.com\/index.php\/animations-archives\/diapositive3-4\/\" class=\"wp-image-1043\" srcset=\"https:\/\/lescalepaysanne.com\/wp-content\/uploads\/2020\/02\/Diapositive3-4.jpg 720w, https:\/\/lescalepaysanne.com\/wp-content\/uploads\/2020\/02\/Diapositive3-4-225x300.jpg 225w\" sizes=\"auto, (max-width: 720px) 100vw, 720px\" \/><\/figure><\/li><li class=\"blocks-gallery-item\"><figure><img loading=\"lazy\" decoding=\"async\" width=\"720\" height=\"960\" src=\"http:\/\/lescalepaysanne.com\/wp-content\/uploads\/2020\/02\/Diapositive4-4.jpg\" alt=\"\" data-id=\"1044\" data-link=\"http:\/\/lescalepaysanne.com\/index.php\/animations-archives\/diapositive4-4-2\/\" class=\"wp-image-1044\" srcset=\"https:\/\/lescalepaysanne.com\/wp-content\/uploads\/2020\/02\/Diapositive4-4.jpg 720w, https:\/\/lescalepaysanne.com\/wp-content\/uploads\/2020\/02\/Diapositive4-4-225x300.jpg 225w\" sizes=\"auto, (max-width: 720px) 100vw, 720px\" \/><\/figure><\/li><li class=\"blocks-gallery-item\"><figure><img loading=\"lazy\" decoding=\"async\" width=\"720\" height=\"960\" src=\"http:\/\/lescalepaysanne.com\/wp-content\/uploads\/2020\/02\/Diapositive5-3.jpg\" alt=\"\" data-id=\"1045\" data-link=\"http:\/\/lescalepaysanne.com\/index.php\/animations-archives\/diapositive5-3-2\/\" class=\"wp-image-1045\" srcset=\"https:\/\/lescalepaysanne.com\/wp-content\/uploads\/2020\/02\/Diapositive5-3.jpg 720w, https:\/\/lescalepaysanne.com\/wp-content\/uploads\/2020\/02\/Diapositive5-3-225x300.jpg 225w\" sizes=\"auto, (max-width: 720px) 100vw, 720px\" \/><\/figure><\/li><\/ul>\n\n\n\n<h2 class=\"wp-block-heading\">Juillet &amp; Ao\u00fbt 2019<\/h2>\n\n\n\n<ul class=\"wp-block-gallery columns-1 is-cropped wp-block-gallery-3 is-layout-flex wp-block-gallery-is-layout-flex\"><li class=\"blocks-gallery-item\"><figure><img loading=\"lazy\" decoding=\"async\" width=\"720\" height=\"960\" src=\"http:\/\/lescalepaysanne.com\/wp-content\/uploads\/2020\/02\/Diapositive2-4.jpg\" alt=\"\" data-id=\"1041\" data-link=\"http:\/\/lescalepaysanne.com\/index.php\/animations-archives\/diapositive2-4\/\" class=\"wp-image-1041\" srcset=\"https:\/\/lescalepaysanne.com\/wp-content\/uploads\/2020\/02\/Diapositive2-4.jpg 720w, https:\/\/lescalepaysanne.com\/wp-content\/uploads\/2020\/02\/Diapositive2-4-225x300.jpg 225w\" sizes=\"auto, (max-width: 720px) 100vw, 720px\" \/><\/figure><\/li><\/ul>\n","protected":false},"excerpt":{"rendered":"<p>Hiver\/Printemps 2020 : Janvier \u00e0 Juin Automne 2019 : Septembre \u00e0 D\u00e9cembre Juillet &amp; Ao\u00fbt 2019<\/p>\n","protected":false},"author":1,"featured_media":0,"parent":0,"menu_order":0,"comment_status":"closed","ping_status":"closed","template":"","meta":{"footnotes":""},"class_list":["post-1036","page","type-page","status-publish","hentry"],"_links":{"self":[{"href":"https:\/\/lescalepaysanne.com\/index.php\/wp-json\/wp\/v2\/pages\/1036","targetHints":{"allow":["GET"]}}],"collection":[{"href":"https:\/\/lescalepaysanne.com\/index.php\/wp-json\/wp\/v2\/pages"}],"about":[{"href":"https:\/\/lescalepaysanne.com\/index.php\/wp-json\/wp\/v2\/types\/page"}],"author":[{"embeddable":true,"href":"https:\/\/lescalepaysanne.com\/index.php\/wp-json\/wp\/v2\/users\/1"}],"replies":[{"embeddable":true,"href":"https:\/\/lescalepaysanne.com\/index.php\/wp-json\/wp\/v2\/comments?post=1036"}],"version-history":[{"count":3,"href":"https:\/\/lescalepaysanne.com\/index.php\/wp-json\/wp\/v2\/pages\/1036\/revisions"}],"predecessor-version":[{"id":1093,"href":"https:\/\/lescalepaysanne.com\/index.php\/wp-json\/wp\/v2\/pages\/1036\/revisions\/1093"}],"wp:attachment":[{"href":"https:\/\/lescalepaysanne.com\/index.php\/wp-json\/wp\/v2\/media?parent=1036"}],"curies":[{"name":"wp","href":"https:\/\/api.w.org\/{rel}","templated":true}]}}