{"id":186,"date":"2019-03-22T13:49:45","date_gmt":"2019-03-22T12:49:45","guid":{"rendered":"http:\/\/lescalepaysanne.com\/?page_id=186"},"modified":"2020-02-06T16:09:00","modified_gmt":"2020-02-06T15:09:00","slug":"notre-collectif","status":"publish","type":"page","link":"https:\/\/lescalepaysanne.com\/index.php\/notre-collectif\/","title":{"rendered":"Notre collectif"},"content":{"rendered":"\n<p style=\"font-size:30px;text-align:center\" class=\"has-background has-very-light-gray-background-color\">D\u00e9couvrez nos portraits<\/p>\n\n\n\n<h2 class=\"wp-block-heading\">L&rsquo;\u00e9pici\u00e8re<\/h2>\n\n\n\n<p class=\"has-medium-font-size\"><strong>Florence LUY<\/strong><\/p>\n\n\n\n<div class=\"wp-block-image\"><figure class=\"alignright\"><img loading=\"lazy\" decoding=\"async\" width=\"300\" height=\"200\" src=\"http:\/\/lescalepaysanne.com\/wp-content\/uploads\/2019\/04\/IMG_6069-300x200.jpg\" alt=\"\" class=\"wp-image-548\" srcset=\"https:\/\/lescalepaysanne.com\/wp-content\/uploads\/2019\/04\/IMG_6069-300x200.jpg 300w, https:\/\/lescalepaysanne.com\/wp-content\/uploads\/2019\/04\/IMG_6069-768x512.jpg 768w, https:\/\/lescalepaysanne.com\/wp-content\/uploads\/2019\/04\/IMG_6069-1024x683.jpg 1024w\" sizes=\"auto, (max-width: 300px) 100vw, 300px\" \/><\/figure><\/div>\n\n\n\n<p style=\"text-align:left\" class=\"has-background has-very-light-gray-background-color\"><em><strong>Mon parcours &amp; mes convictions<\/strong><\/em><\/p>\n\n\n\n<p>Apr\u00e8s 8 ans d\u2019exp\u00e9riences dans le domaine de l\u2019audit et du conseil en syst\u00e8me d\u2019informations en r\u00e9gion parisienne, j\u2019ai d\u00e9cid\u00e9 de donner un sens \u00e0 mon activit\u00e9 professionnelle.<\/p>\n\n\n\n<p>En arrivant en Bretagne en 2013, j&rsquo;ai rencontr\u00e9 des personnes ayant un mode de vie totalement diff\u00e9rent de ce que j&rsquo;avais connu \u00e0 Paris. De fil en aiguille j&rsquo;ai d\u00e9couvert une nouvelle fa\u00e7on de consommer, plus responsable et plus en conscience. J&rsquo;ai tr\u00e8s vite compris que je ne pourrais pas faire machine arri\u00e8re et reprendre ma vie de citadine, cadre sup\u00e9rieure dans une grande entreprise. <\/p>\n\n\n\n<p>J&rsquo;ai alors pris la d\u00e9cision de chercher une activit\u00e9 professionnelle qui contribue au changement soci\u00e9tal en privil\u00e9giant les valeurs \u00e9cologique et humaines.<\/p>\n\n\n\n<p>L<strong>&lsquo;alimentation<\/strong> me semble \u00eatre un levier majeur de la <strong>transition \u00e9cologique et sociale<\/strong>: <\/p>\n\n\n\n<p>De l\u00e0 est n\u00e9e en janvier 2018, l\u2019id\u00e9e de m\u2019associer \u00e0 des paysans bio et locaux pour cr\u00e9er une \u00e9picerie. De janvier \u00e0 juin 2018, j\u2019ai suivi une formation de Cr\u00e9ation d\u2019Entreprises en \u00c9conomie Sociale et Solidaire (CREOPSS) pour acqu\u00e9rir des connaissance en cr\u00e9ation d&rsquo;entreprise. De septembre 2018 \u00e0 mai 2019, le collectif de l\u2019Escale Paysanne travaille d\u2019arrache-pied pour  pr\u00e9parer l\u2019ouverture de l\u2019\u00e9picerie.<\/p>\n\n\n\n<p>Cette exp\u00e9rience de projet collectif (11 personnes) m\u2019a permis de confirmer que \u00ab&nbsp;<strong>seule on va plus vite, ensemble, on va plus loin&nbsp;<\/strong>\u00bb (proverbe africain). Nous mutualisons nos comp\u00e9tences et nous nous entraidons dans les diff\u00e9rentes phases du projet.<\/p>\n\n\n\n<p class=\"has-background has-very-light-gray-background-color\"><strong><em>Pourquoi je m&rsquo;investis dans ce projet ?<\/em><\/strong><\/p>\n\n\n\n<p>L\u2019\u00e9picerie l\u2019Escale Paysanne me tient particuli\u00e8rement \u00e0 c\u0153ur parce que c&rsquo;est plus qu\u2019un simple lieu de \u00ab consommation \u00bb.  Nous souhaitons que cela devienne un espace o\u00f9 l\u2019on peut trouver des produits de qualit\u00e9 et surtout o\u00f9 l&rsquo;on peut tisser des liens entre acteurs du territoire. <\/p>\n\n\n\n<p>Nous avons ajouter \u00e0 \u00ab\u00a0l\u00a0\u00bb\u00e9picerie\u00a0\u00bb deux espaces : <\/p>\n\n\n\n<ul class=\"wp-block-list\"><li>un espace o\u00f9 les usagers peuvent d\u00e9guster sur place les produits acheter dans l&rsquo;\u00e9picerie et <\/li><li>un espace de jeux pour les enfants. <\/li><\/ul>\n\n\n\n<p>\nNous voulons que ce soit un lieu convivial o\u00f9 chacun puisse se sentir chez lui.\n\n<\/p>\n\n\n\n<p class=\"has-background has-very-light-gray-background-color\"><strong><em>Pourquoi je pense que ce mod\u00e8le d&rsquo;entreprise s&rsquo;inscrit dans l&rsquo;\u00e9conomie sociale et solidaire de demain?<\/em><\/strong><\/p>\n\n\n\n<p>Cette entreprise a \u00e9t\u00e9 construite sur la <strong>base de l\u2019entraide<\/strong> pour la commercialisation de produits de paysans bio, et la volont\u00e9 de tisser du lien entre les citoyens et les paysans en milieu rural.<\/p>\n\n\n\n<h2 class=\"wp-block-heading\">Les 4 fermes<\/h2>\n\n\n\n<h3 class=\"wp-block-heading\">La Ferme de Tr\u00e9vero (S\u00e9rent)<\/h3>\n\n\n\n<div class=\"wp-block-image\"><figure class=\"alignright is-resized\"><img loading=\"lazy\" decoding=\"async\" src=\"http:\/\/lescalepaysanne.com\/wp-content\/uploads\/2019\/06\/TREVERO_LOGO.jpg\" alt=\"\" class=\"wp-image-795\" width=\"229\" height=\"220\"\/><\/figure><\/div>\n\n\n\n<div class=\"wp-block-image\"><figure class=\"alignleft\"><img loading=\"lazy\" decoding=\"async\" width=\"224\" height=\"300\" src=\"http:\/\/lescalepaysanne.com\/wp-content\/uploads\/2019\/06\/TREVERO-VIANDE-2-224x300.jpg\" alt=\"\" class=\"wp-image-730\" srcset=\"https:\/\/lescalepaysanne.com\/wp-content\/uploads\/2019\/06\/TREVERO-VIANDE-2-224x300.jpg 224w, https:\/\/lescalepaysanne.com\/wp-content\/uploads\/2019\/06\/TREVERO-VIANDE-2.jpg 443w\" sizes=\"auto, (max-width: 224px) 100vw, 224px\" \/><\/figure><\/div>\n\n\n\n<p>Nous sommes 2 paysans (R\u00e9gis et Benjamin) install\u00e9s depuis le 1 janvier 2019 sur la Ferme de Trevero \u00e0 S\u00e9rent. Nous avons choisi d\u2019\u00eatre certifi\u00e9 en Agriculture Biologique. L\u2019activit\u00e9 laiti\u00e8re a \u00e9t\u00e9 arr\u00eat\u00e9 pour mettre en place des <strong>productions diversifi\u00e9es<\/strong> : des poules pondeuse, des porcs en plein air, des b\u0153ufs et des productions de c\u00e9r\u00e9ales et autres graines pour l\u2019alimentation humaine. <\/p>\n\n\n\n<p>Notre leitmotiv : <strong>\u201cune ferme pour en vivre, y vivre, la faire vivre\u201d<\/strong><br><\/p>\n\n\n\n<p class=\"has-background has-very-light-gray-background-color\"> <strong><em>Pourquoi nous sommes associ\u00e9s de l&rsquo;\u00e9picerie L&rsquo;Escale Paysanne ?<\/em><\/strong> <\/p>\n\n\n\n<p>Lors de notre r\u00e9flexion sur le mod\u00e8le de ferme que nous voulions mettre en place, nous avons identifi\u00e9 qu\u2019il \u00e9tait important de d\u00e9cider du prix de vente de nos produits et de ne pas \u00eatre d\u00e9pendant de syst\u00e8mes de commercialisation qui imposent leurs conditions commerciales aux paysans. <\/p>\n\n\n\n<p> L\u2019Escale Paysanne va nous permettre de <strong>vendre nos produits \u00e0 un prix juste<\/strong> et r\u00e9mun\u00e9rateur sans y passer autant de temps que si nous \u00e9tions seuls sur des march\u00e9s. Cela nous permettra de nous <strong>consacrer prioritairement \u00e0 la production agricole<\/strong>.<\/p>\n\n\n\n<p>Nous appr\u00e9cions particuli\u00e8rement la <strong>dimension collective<\/strong> de ce projet qui apporte une grande <strong>richesse humaine<\/strong>. <\/p>\n\n\n\n<p>Nous <strong>participerons chaque semaine  \u00e0 la vente<\/strong> dans l\u2019\u00e9picerie ce qui nous permettra de <strong>rencontrer des consommateurs<\/strong>. Cela nous semble important, de pouvoir rencontrer les personnes qui consomment nos produits. Cela <strong>donne du sens \u00e0 notre m\u00e9tier<\/strong>.<\/p>\n\n\n\n<p class=\"has-medium-font-size\"><strong>R\u00e9gis DURAND<\/strong><\/p>\n\n\n\n<div class=\"wp-block-image\"><figure class=\"alignleft\"><img loading=\"lazy\" decoding=\"async\" width=\"300\" height=\"200\" src=\"http:\/\/lescalepaysanne.com\/wp-content\/uploads\/2019\/03\/IMG_6075-300x200.jpg\" alt=\"\" class=\"wp-image-494\" srcset=\"https:\/\/lescalepaysanne.com\/wp-content\/uploads\/2019\/03\/IMG_6075-300x200.jpg 300w, https:\/\/lescalepaysanne.com\/wp-content\/uploads\/2019\/03\/IMG_6075-768x512.jpg 768w, https:\/\/lescalepaysanne.com\/wp-content\/uploads\/2019\/03\/IMG_6075-1024x683.jpg 1024w\" sizes=\"auto, (max-width: 300px) 100vw, 300px\" \/><\/figure><\/div>\n\n\n\n<p style=\"text-align:left\" class=\"has-background has-very-light-gray-background-color\"><strong><em>Mon parcours<\/em><\/strong><\/p>\n\n\n\n<p>C\u2019est dans la petite ferme en polyculture \u00e9levage de mes grands-parents que j\u2019ai \u00e9t\u00e9 initi\u00e9 \u00e0 l\u2019agriculture paysanne.<\/p>\n\n\n\n<p>Lors de mes \u00e9tudes je ne voyais pas encore le lien entre agriculture et environnement et j\u2019ai d\u00e9cid\u00e9 de me lancer dans des \u00e9tudes d\u2019ing\u00e9nieur en environnement. Pendant 3 ans j\u2019ai construit des stations de traitement de l\u2019eau. En 2013, j\u2019ai repris une formation en agriculture biologique avec l\u2019envie de devenir paysan. Depuis 2014 \u00e0 2017 j\u2019ai fait du salariat dans des fermes, dont une ann\u00e9e chez un c\u00e9r\u00e9alier en agriculture biologique.<\/p>\n\n\n\n<p>Je suis passionn\u00e9 par les questions agronomiques et la vie du sol, en particulier les r\u00e9seaux de mycorhizes. <br><\/p>\n\n\n\n<p class=\"has-medium-font-size\"><strong>Benjamin FREZEL<\/strong><\/p>\n\n\n\n<div class=\"wp-block-image\"><figure class=\"alignright\"><img loading=\"lazy\" decoding=\"async\" width=\"300\" height=\"200\" src=\"http:\/\/lescalepaysanne.com\/wp-content\/uploads\/2019\/03\/IMG_6098-300x200.jpg\" alt=\"\" class=\"wp-image-506\" srcset=\"https:\/\/lescalepaysanne.com\/wp-content\/uploads\/2019\/03\/IMG_6098-300x200.jpg 300w, https:\/\/lescalepaysanne.com\/wp-content\/uploads\/2019\/03\/IMG_6098-768x512.jpg 768w, https:\/\/lescalepaysanne.com\/wp-content\/uploads\/2019\/03\/IMG_6098-1024x683.jpg 1024w\" sizes=\"auto, (max-width: 300px) 100vw, 300px\" \/><\/figure><\/div>\n\n\n\n<p class=\"has-background has-very-light-gray-background-color\"><em><strong>Mon parcours <\/strong><\/em><\/p>\n\n\n\n<p>Urbain pass\u00e9 par un lyc\u00e9e agricole rennais, j\u2019ai continu\u00e9 ma d\u00e9couverte du milieu agricole avec du WWOOFing puis un BTSA ACSE en agriculture biologique. Je suis parti faire du woofing avec pour <strong>fil conducteur la paysannerie et les projets collectifs<\/strong>. J\u2019ai depuis compl\u00e9t\u00e9 mes premi\u00e8res exp\u00e9riences par 2 ann\u00e9es de salariat agricole, un parcours dans le r\u00e9seau de compagnonnage REPAS (R\u00e9seau d\u2019\u00c9changes et de Pratiques Alternative et Solidaires) et deux ans pass\u00e9es au service des \u00c9claireuses \u00c9claireurs de France. Je me consacrerai plus particuli\u00e8rement \u00e0 la conduite des poules pondeuses.<\/p>\n\n\n\n<h3 class=\"wp-block-heading\">Les Paniers du Glouby (St Guyomard)<\/h3>\n\n\n\n<div class=\"wp-block-image\"><figure class=\"alignright\"><img loading=\"lazy\" decoding=\"async\" width=\"225\" height=\"300\" src=\"http:\/\/lescalepaysanne.com\/wp-content\/uploads\/2019\/06\/GLOUBY-VIANDE-1-225x300.jpg\" alt=\"\" class=\"wp-image-707\" srcset=\"https:\/\/lescalepaysanne.com\/wp-content\/uploads\/2019\/06\/GLOUBY-VIANDE-1-225x300.jpg 225w, https:\/\/lescalepaysanne.com\/wp-content\/uploads\/2019\/06\/GLOUBY-VIANDE-1.jpg 444w\" sizes=\"auto, (max-width: 225px) 100vw, 225px\" \/><\/figure><\/div>\n\n\n\n<figure class=\"wp-block-image is-resized\"><img loading=\"lazy\" decoding=\"async\" src=\"http:\/\/lescalepaysanne.com\/wp-content\/uploads\/2019\/05\/GLOUBY-Logo.jpg\" alt=\"\" class=\"wp-image-563\" width=\"293\" height=\"113\" srcset=\"https:\/\/lescalepaysanne.com\/wp-content\/uploads\/2019\/05\/GLOUBY-Logo.jpg 625w, https:\/\/lescalepaysanne.com\/wp-content\/uploads\/2019\/05\/GLOUBY-Logo-300x116.jpg 300w\" sizes=\"auto, (max-width: 293px) 100vw, 293px\" \/><\/figure>\n\n\n\n<p class=\"has-medium-font-size\"><strong>Nathalie URIEN<\/strong><\/p>\n\n\n\n<div class=\"wp-block-image\"><figure class=\"alignleft\"><img loading=\"lazy\" decoding=\"async\" width=\"300\" height=\"200\" src=\"http:\/\/lescalepaysanne.com\/wp-content\/uploads\/2019\/03\/IMG_6092-300x200.jpg\" alt=\"\" class=\"wp-image-495\" srcset=\"https:\/\/lescalepaysanne.com\/wp-content\/uploads\/2019\/03\/IMG_6092-300x200.jpg 300w, https:\/\/lescalepaysanne.com\/wp-content\/uploads\/2019\/03\/IMG_6092-768x512.jpg 768w, https:\/\/lescalepaysanne.com\/wp-content\/uploads\/2019\/03\/IMG_6092-1024x683.jpg 1024w\" sizes=\"auto, (max-width: 300px) 100vw, 300px\" \/><\/figure><\/div>\n\n\n\n<p class=\"has-background has-very-light-gray-background-color\"><em><strong>Mon parcours<\/strong><\/em><\/p>\n\n\n\n<p>N\u00e9e de parents \u00e9leveur et d\u2019un papa \u00ab&nbsp;bouilleur de\ncru&nbsp;\u00bb, <strong>j\u2019ai grandi \u00e0 Saint Guyomard<\/strong>\nau rythme de la campagne et des activit\u00e9s de la ferme. <strong>Sensible au bien manger<\/strong>, je me lance dans des \u00e9tudes de di\u00e9t\u00e9tique.\nDipl\u00f4m\u00e9e en 2000, je pars travailler dans les h\u00f4pitaux les maisons de retraite,\n\u00e0 domicile des patients que j\u2019accompagne afin de leur am\u00e9liorer le quotidien et\nj\u2019insiste beaucoup sur le plaisir, pour moi essentiel dans l\u2019alimentation.<\/p>\n\n\n\n<div class=\"wp-block-image\"><figure class=\"alignright is-resized\"><img loading=\"lazy\" decoding=\"async\" src=\"http:\/\/lescalepaysanne.com\/wp-content\/uploads\/2019\/05\/GLOUBY-Leg.jpg\" alt=\"\" class=\"wp-image-564\" width=\"258\" height=\"193\"\/><\/figure><\/div>\n\n\n\n<p>En parall\u00e8le, maman de 3 enfants avec mon mari nous\nb\u00e2tissons un style <strong>de vie plus sain,\nplus \u00e9cologique, plus durable<\/strong>, nous auto construisons notre maison avec des\nmat\u00e9riaux plus \u00e9cologiques\u2026 en multipliant les rencontres enrichissantes en\naspirant \u00e0 plus d\u2019autonomie dans ce monde ou la soci\u00e9t\u00e9 de consommation est\nreine\u2026<\/p>\n\n\n\n<p>Apr\u00e8s 15 ans d\u2019activit\u00e9 dans ce m\u00e9tier comme technicienne, l\u2019envie de cr\u00e9er mon entreprise me d\u00e9mange. C\u2019est le <strong>retour aux sources<\/strong>, apr\u00e8s 9 mois de formation agricole, je d\u00e9cide de <strong>reprendre la ferme familiale<\/strong>, maman part en retraite donc c\u2019est une aubaine que je saisi avec le soutien de mon mari.<\/p>\n\n\n\n<div class=\"wp-block-image\"><figure class=\"alignleft\"><img loading=\"lazy\" decoding=\"async\" width=\"300\" height=\"196\" src=\"http:\/\/lescalepaysanne.com\/wp-content\/uploads\/2019\/05\/GLOUBY-Nath-300x196.jpg\" alt=\"\" class=\"wp-image-566\" srcset=\"https:\/\/lescalepaysanne.com\/wp-content\/uploads\/2019\/05\/GLOUBY-Nath-300x196.jpg 300w, https:\/\/lescalepaysanne.com\/wp-content\/uploads\/2019\/05\/GLOUBY-Nath.jpg 515w\" sizes=\"auto, (max-width: 300px) 100vw, 300px\" \/><\/figure><\/div>\n\n\n\n<p>Et c\u2019est le <strong>d\u00e9but du belle aventure familiale, sociale, \u00e9conomique, durable<\/strong>, j\u2019aide toujours tout un chacun \u00e0 bien manger mais cette fois ci en leur proposant des<strong> l\u00e9gumes frais et de la viande de qualit\u00e9<\/strong>. Ce qui m\u2019apparait plus concret et efficace.<\/p>\n\n\n\n<p><strong>L\u2019atelier bovin\nviande<\/strong> ,15 m\u00e8res, est conserv\u00e9 pour plusieurs raisons&nbsp;: maintenir un\npaysage diversifi\u00e9, pr\u00e9server les zones humides qui ne peuvent \u00eatre cultiv\u00e9es,\napporter du fumier \u00e0 mes cultures et ainsi fermer la boucle de l\u2019autonomie sur\nla ferme. Pas d\u2019achats d\u2019intrants, syst\u00e8me herbager en extensif, petite\nproduction de c\u00e9r\u00e9ales pour la finition de mes animaux. Et cet atelier me\npermet d\u2019avoir de la viande de qualit\u00e9 en race \u00ab&nbsp;blonde d\u2019aquitaine&nbsp;\u00bb\nenti\u00e8rement valorise en vente directe sous forme de caissette de veau ou de\nb\u0153uf (g\u00e9nisse).<\/p>\n\n\n\n<p>Ca y est <strong>je suis Paysanne<\/strong>\u2026.<\/p>\n\n\n\n<p style=\"text-align:left\">A ma reprise en janvier 2017, les terres 30ha sont converties en agriculture biologique, une \u00e9vidence d\u2019un point de vue \u00e9thique. Un atelier maraichage voit le jour, <strong>une quarantaine de l\u00e9gumes sont cultiv\u00e9es<\/strong> sur 1ha plein champ et 900m2 de serres avec un objectif, <strong>vendre en local<\/strong> mes produits. Vente \u00e0 la ferme ou sur des points de vente proches de la ferme.<\/p>\n\n\n\n<p class=\"has-background has-very-light-gray-background-color\"><strong><em>Pourquoi je suis associ\u00e9e de l&rsquo;\u00e9picerie L&rsquo;Escale Paysanne ?<\/em><\/strong><\/p>\n\n\n\n<p><strong>Ce projet est n\u00e9 d\u2019une\nrencontre<\/strong> avec Florence et Regis, \u00e0 ce moment-l\u00e0, simple client mais d\u00e9j\u00e0\navec des projets pleins la t\u00eate\u2026 les \u00e9changes vont bon train et l\u2019<strong>envie de cr\u00e9er une synergie de vente <\/strong>est\nvenue. <\/p>\n\n\n\n<p>A la ferme, nous avions besoin d\u2019un point de vente\nsuppl\u00e9mentaire pour assoir l\u2019arriv\u00e9e de Yves mon mari sur la ferme. Et c\u2019est\nainsi qu\u2019a <strong>commenc\u00e9 la belle aventure de\nl\u2019Escale Paysanne<\/strong>, projet humain avant tout, collectif avec tout ses\nrichesses, r\u00e9mun\u00e9rateur pour nous paysans avec une maitrise de de nos prix de\nvente afin d\u2019\u00eatre plus juste pour vous consommateur, et riche de proximit\u00e9, de\ntransparence par l\u2019ouverture de notre ferme gr\u00e2ce aux portes ouvertes.<\/p>\n\n\n\n<p>Alors on vous attend\u2026.<\/p>\n\n\n\n<h3 class=\"wp-block-heading\"><strong>Les Vaches nous Rendent Ch\u00e8vres (Molac)<\/strong><\/h3>\n\n\n\n<div class=\"wp-block-image\"><figure class=\"alignright is-resized\"><img loading=\"lazy\" decoding=\"async\" src=\"http:\/\/lescalepaysanne.com\/wp-content\/uploads\/2019\/05\/VNRC-Logo.jpg\" alt=\"\" class=\"wp-image-569\" width=\"240\" height=\"245\" srcset=\"https:\/\/lescalepaysanne.com\/wp-content\/uploads\/2019\/05\/VNRC-Logo.jpg 344w, https:\/\/lescalepaysanne.com\/wp-content\/uploads\/2019\/05\/VNRC-Logo-294x300.jpg 294w\" sizes=\"auto, (max-width: 240px) 100vw, 240px\" \/><\/figure><\/div>\n\n\n\n<figure class=\"wp-block-image\"><img loading=\"lazy\" decoding=\"async\" width=\"226\" height=\"300\" src=\"http:\/\/lescalepaysanne.com\/wp-content\/uploads\/2019\/06\/VNRC-FROMAGE-226x300.jpg\" alt=\"\" class=\"wp-image-680\" srcset=\"https:\/\/lescalepaysanne.com\/wp-content\/uploads\/2019\/06\/VNRC-FROMAGE-226x300.jpg 226w, https:\/\/lescalepaysanne.com\/wp-content\/uploads\/2019\/06\/VNRC-FROMAGE.jpg 443w\" sizes=\"auto, (max-width: 226px) 100vw, 226px\" \/><\/figure>\n\n\n\n<p>Nous avons \u00e0 c\u0153ur de <strong>vendre nos produits en vente directe et \u00e0 proximit\u00e9 de notre ferme<\/strong> et ainsi,<strong> favoriser l\u2019Economie locale et circulaire<\/strong>. <\/p>\n\n\n\n<div class=\"wp-block-image\"><figure class=\"alignleft\"><img loading=\"lazy\" decoding=\"async\" width=\"300\" height=\"221\" src=\"http:\/\/lescalepaysanne.com\/wp-content\/uploads\/2019\/05\/VNRC-Steph-300x221.jpg\" alt=\"\" class=\"wp-image-571\" srcset=\"https:\/\/lescalepaysanne.com\/wp-content\/uploads\/2019\/05\/VNRC-Steph-300x221.jpg 300w, https:\/\/lescalepaysanne.com\/wp-content\/uploads\/2019\/05\/VNRC-Steph.jpg 492w\" sizes=\"auto, (max-width: 300px) 100vw, 300px\" \/><\/figure><\/div>\n\n\n\n<p>Nous sommes 2 jeunes install\u00e9s St\u00e9phanie et Maxime sur Molac . Nous avons <strong>25 vaches laiti\u00e8res <\/strong>de race Normande, Montb\u00e9liarde et Prim&rsquo;Holstein ainsi qu\u2019une <strong>quarantaine de ch\u00e8vres <\/strong>de race Alpine et Poitevines.<\/p>\n\n\n\n<p>Notre lait de vaches est vendu \u00e0 Biolait, et nous<strong> transformons la totalit\u00e9 de notre lait de ch\u00e8vres \u00e0 la ferme<\/strong> par nos soins.<\/p>\n\n\n\n<div class=\"wp-block-image\"><figure class=\"alignright is-resized\"><img loading=\"lazy\" decoding=\"async\" src=\"http:\/\/lescalepaysanne.com\/wp-content\/uploads\/2019\/05\/VNRC-Steph-2-300x175.jpg\" alt=\"\" class=\"wp-image-570\" width=\"338\" height=\"197\" srcset=\"https:\/\/lescalepaysanne.com\/wp-content\/uploads\/2019\/05\/VNRC-Steph-2-300x175.jpg 300w, https:\/\/lescalepaysanne.com\/wp-content\/uploads\/2019\/05\/VNRC-Steph-2.jpg 592w\" sizes=\"auto, (max-width: 338px) 100vw, 338px\" \/><\/figure><\/div>\n\n\n\n<p>Nous sommes associ\u00e9s de l&rsquo;Escale Paysanne car cela nous permet de nous regrouper pour pouvoir <strong>travailler ensemble et mieux, d\u2019\u00e9changer, d\u2019\u00eatre en lien sur le territoire, d\u2019 \u00eatre acteur&nbsp; du pays de Malestroit <\/strong>pour favoriser la vie du centre ville aussi bien que&nbsp; la vie de la campagne.<\/p>\n\n\n\n<p>Pour toutes ces raisons nous avons dit&nbsp;<strong>\u00ab&nbsp; OUI \u00bb \u00e0 l\u2019Escale Paysannes !!!<\/strong><\/p>\n\n\n\n<p class=\"has-background has-very-light-gray-background-color\"> <strong><em>Pourquoi nous sommes associ\u00e9s de l&rsquo;\u00e9picerie L&rsquo;Escale Paysanne ?<\/em><\/strong> <\/p>\n\n\n\n<p class=\"has-medium-font-size\"><strong>St\u00e9phanie DOLO<\/strong><\/p>\n\n\n\n<div class=\"wp-block-image\"><figure class=\"alignright\"><img loading=\"lazy\" decoding=\"async\" width=\"300\" height=\"225\" src=\"http:\/\/lescalepaysanne.com\/wp-content\/uploads\/2019\/04\/IMG_20190411_162338-300x225.jpg\" alt=\"\" class=\"wp-image-544\" srcset=\"https:\/\/lescalepaysanne.com\/wp-content\/uploads\/2019\/04\/IMG_20190411_162338-300x225.jpg 300w, https:\/\/lescalepaysanne.com\/wp-content\/uploads\/2019\/04\/IMG_20190411_162338-768x576.jpg 768w, https:\/\/lescalepaysanne.com\/wp-content\/uploads\/2019\/04\/IMG_20190411_162338-1024x768.jpg 1024w\" sizes=\"auto, (max-width: 300px) 100vw, 300px\" \/><\/figure><\/div>\n\n\n\n<p class=\"has-background has-very-light-gray-background-color\"><strong><em>Mon parcours <\/em><\/strong><\/p>\n\n\n\n<p>St\u00e9phanie Dolo&nbsp; 10 ans salari\u00e9 chez Biocoop, fille d\u2019\u00e9leveurs, apr\u00e8s avoir d\u00e9couvert et passionn\u00e9 par la transformation fromag\u00e8re&nbsp; et les ch\u00e8vres dans les Alpes.&nbsp; j\u2019ai d\u00e9cid\u00e9 reprendre la ferme de mes parents de la convertir en bio et d\u2019y ajouter un atelier caprin ainsi que la vente directe <\/p>\n\n\n\n<p class=\"has-medium-font-size\"><strong>Maxime KRELA<\/strong><\/p>\n\n\n\n<div class=\"wp-block-image\"><figure class=\"alignleft\"><img loading=\"lazy\" decoding=\"async\" width=\"300\" height=\"200\" src=\"http:\/\/lescalepaysanne.com\/wp-content\/uploads\/2019\/03\/IMG_6072-300x200.jpg\" alt=\"\" class=\"wp-image-499\" srcset=\"https:\/\/lescalepaysanne.com\/wp-content\/uploads\/2019\/03\/IMG_6072-300x200.jpg 300w, https:\/\/lescalepaysanne.com\/wp-content\/uploads\/2019\/03\/IMG_6072-768x512.jpg 768w, https:\/\/lescalepaysanne.com\/wp-content\/uploads\/2019\/03\/IMG_6072-1024x683.jpg 1024w\" sizes=\"auto, (max-width: 300px) 100vw, 300px\" \/><\/figure><\/div>\n","protected":false},"excerpt":{"rendered":"<p>D\u00e9couvrez nos portraits L&rsquo;\u00e9pici\u00e8re Florence LUY Mon parcours &amp; mes convictions Apr\u00e8s 8 ans d\u2019exp\u00e9riences dans le domaine de l\u2019audit et du conseil en syst\u00e8me d\u2019informations en r\u00e9gion parisienne, j\u2019ai d\u00e9cid\u00e9 de donner un sens \u00e0 mon activit\u00e9 professionnelle. En arrivant en Bretagne en 2013, j&rsquo;ai rencontr\u00e9 des personnes ayant un mode de vie totalement diff\u00e9rent de ce que j&rsquo;avais connu \u00e0 Paris. De fil en aiguille j&rsquo;ai d\u00e9couvert une nouvelle fa\u00e7on de consommer, plus responsable et plus en conscience&#8230;.<\/p>\n<p class=\"read-more\"><a class=\"btn btn-default\" href=\"https:\/\/lescalepaysanne.com\/index.php\/notre-collectif\/\">Lire la suite<span class=\"screen-reader-text\"> Lire la suite<\/span><\/a><\/p>\n","protected":false},"author":1,"featured_media":0,"parent":0,"menu_order":0,"comment_status":"open","ping_status":"closed","template":"","meta":{"footnotes":""},"class_list":["post-186","page","type-page","status-publish","hentry"],"_links":{"self":[{"href":"https:\/\/lescalepaysanne.com\/index.php\/wp-json\/wp\/v2\/pages\/186","targetHints":{"allow":["GET"]}}],"collection":[{"href":"https:\/\/lescalepaysanne.com\/index.php\/wp-json\/wp\/v2\/pages"}],"about":[{"href":"https:\/\/lescalepaysanne.com\/index.php\/wp-json\/wp\/v2\/types\/page"}],"author":[{"embeddable":true,"href":"https:\/\/lescalepaysanne.com\/index.php\/wp-json\/wp\/v2\/users\/1"}],"replies":[{"embeddable":true,"href":"https:\/\/lescalepaysanne.com\/index.php\/wp-json\/wp\/v2\/comments?post=186"}],"version-history":[{"count":36,"href":"https:\/\/lescalepaysanne.com\/index.php\/wp-json\/wp\/v2\/pages\/186\/revisions"}],"predecessor-version":[{"id":1035,"href":"https:\/\/lescalepaysanne.com\/index.php\/wp-json\/wp\/v2\/pages\/186\/revisions\/1035"}],"wp:attachment":[{"href":"https:\/\/lescalepaysanne.com\/index.php\/wp-json\/wp\/v2\/media?parent=186"}],"curies":[{"name":"wp","href":"https:\/\/api.w.org\/{rel}","templated":true}]}}