{"id":193,"date":"2019-03-22T13:49:46","date_gmt":"2019-03-22T12:49:46","guid":{"rendered":"http:\/\/lescalepaysanne.com\/?page_id=193"},"modified":"2019-03-27T18:28:23","modified_gmt":"2019-03-27T17:28:23","slug":"notre-histoire","status":"publish","type":"page","link":"https:\/\/lescalepaysanne.com\/index.php\/notre-histoire\/","title":{"rendered":"Notre histoire"},"content":{"rendered":"\n<h2 class=\"wp-block-heading\">La gen\u00e8se<\/h2>\n\n\n\n<p>L\u2019Escale Paysanne est n\u00e9e d\u2019une envie  de <strong>cr\u00e9er un espace<\/strong> o\u00f9 les citoyens  peuvent   trouver des produits issus de fermes locales en <strong>agriculture biologique<\/strong> et <strong>\u00e9changer sur leurs modes de  consommation<\/strong>. <\/p>\n\n\n\n<p>Nous sommes un  collectif de 11 personnes, compos\u00e9es d\u2019une \u00e9pici\u00e8re et de 8 paysans  travaillant aux alentours de Malestroit et de 2 consommateurs que nous nommons les \u00ab\u00a0Mang&rsquo;heureuses-mang&rsquo;heureux\u00a0\u00bb. <\/p>\n\n\n\n<p>Depuis janvier 2018, nous collaborons  main dans la main pour construire ce projet et notre leitmotiv est : <strong>l\u2019alimentation est un  levier majeur<\/strong> <strong>de la transition \u00e9cologique <\/strong>vers un mod\u00e8le de soci\u00e9t\u00e9 plus respectueux  de la Terre et de l&rsquo;humain.<\/p>\n\n\n\n<h2 class=\"wp-block-heading\"> Notre constat et notre volont\u00e9<\/h2>\n\n\n\n<p>Nous avons constat\u00e9 que le <strong>mod\u00e8le de consommation alimentaire<\/strong> actuel n\u2019est pas satisfaisant. Dans le trin\u00f4me <strong>\u00ab&nbsp;producteur-commer\u00e7ant-consommateur&nbsp;\u00bb,<\/strong> chaque acteur est anim\u00e9 par des motivations diff\u00e9rentes (rentabilit\u00e9 \u00e9conomique, \u00e9thique, produits de qualit\u00e9, prix faible, etc.). <\/p>\n\n\n\n<p>Dans cette diff\u00e9rence certains sont l\u00e9s\u00e9s (ex : exploitation de la main d\u2019\u0153uvre \u00e9trang\u00e8re \u00e0 faible co\u00fbt pour proposer un prix de vente bas, le non- respect de la saisonnalit\u00e9 des produits, etc.). <\/p>\n\n\n\n<p>Aujourd\u2019hui, notre collectif s&rsquo;inscrit dans une <strong>\u00e9conomie circulaire vertueuse<\/strong> en proposant \u00e0 une <strong>\u00e9chelle locale<\/strong>, <strong>un mod\u00e8le \u00e9conomique viable, \u00e9volutif et adapt\u00e9<\/strong> aux personnes qui souhaitent y participer. <\/p>\n\n\n\n<p>L\u2019id\u00e9e est aussi de <strong>cr\u00e9er du lien social<\/strong> en favorisant l\u2019\u00e9change et la rencontre entre les habitants, les producteurs locaux et les autres acteurs du territoire sensible \u00e0 notre d\u00e9marche.  <\/p>\n\n\n\n<h2 class=\"wp-block-heading\">Une gouvernance partag\u00e9e<\/h2>\n\n\n\n<div class=\"wp-block-image\"><figure class=\"aligncenter is-resized\"><img loading=\"lazy\" decoding=\"async\" src=\"http:\/\/lescalepaysanne.com\/wp-content\/uploads\/2019\/03\/IMG_20190307_145007-1024x768.jpg\" alt=\"\" class=\"wp-image-440\" width=\"506\" height=\"380\" srcset=\"https:\/\/lescalepaysanne.com\/wp-content\/uploads\/2019\/03\/IMG_20190307_145007-1024x768.jpg 1024w, https:\/\/lescalepaysanne.com\/wp-content\/uploads\/2019\/03\/IMG_20190307_145007-300x225.jpg 300w, https:\/\/lescalepaysanne.com\/wp-content\/uploads\/2019\/03\/IMG_20190307_145007-768x576.jpg 768w\" sizes=\"auto, (max-width: 506px) 100vw, 506px\" \/><\/figure><\/div>\n\n\n\n<p>Nous avons cr\u00e9\u00e9e en janvier 2019 une soci\u00e9t\u00e9 coop\u00e9ratif d&rsquo;int\u00e9r\u00eat collectif (SCIC). Chaque mois, tous les associ\u00e9s se r\u00e9unissent pour \u00e9changer sur l&rsquo;\u00e9picerie. Les d\u00e9cisions sont prises au consentement g\u00e9n\u00e9ral.<\/p>\n\n\n\n<p><em><strong>Petite d\u00e9finition : Le consentement <\/strong><\/em><\/p>\n\n\n\n<blockquote class=\"wp-block-quote is-layout-flow wp-block-quote-is-layout-flow\"><p> La prise de d\u00e9cision par consentement se diff\u00e9rencie de la prise de  d\u00e9cision par consensus : en consensus tout le monde dit \u00ab oui \u00bb, en  consentement, personne ne dit \u00ab non \u00bb.   Cela sous-entend que lorsque l\u2019on prend une d\u00e9cision par consentement,  on ne va pas chercher la \u00ab meilleure solution \u00bb mais l\u2019on va partir du  principe qu\u2019une bonne d\u00e9cision est celle qui respecte les limites de  celles et ceux qui devront l\u2019assumer, et qui ne compromet en rien la  capacit\u00e9 de l\u2019organisation \u00e0 mener \u00e0 bien sa mission. Le consentement  implique qu\u2019une d\u00e9cision ne peut \u00eatre prise que lorsqu\u2019il n\u2019y a plus  d\u2019objection raisonnable \u00e0 celle-ci. <\/p><cite> https:\/\/colibris06azur.org\/index.php\/gouvernance\/46-decision-par-consentement <br><\/cite><\/blockquote>\n","protected":false},"excerpt":{"rendered":"<p>La gen\u00e8se L\u2019Escale Paysanne est n\u00e9e d\u2019une envie de cr\u00e9er un espace o\u00f9 les citoyens peuvent trouver des produits issus de fermes locales en agriculture biologique et \u00e9changer sur leurs modes de consommation. Nous sommes un collectif de 11 personnes, compos\u00e9es d\u2019une \u00e9pici\u00e8re et de 8 paysans travaillant aux alentours de Malestroit et de 2 consommateurs que nous nommons les \u00ab\u00a0Mang&rsquo;heureuses-mang&rsquo;heureux\u00a0\u00bb. Depuis janvier 2018, nous collaborons main dans la main pour construire ce projet et notre leitmotiv est : l\u2019alimentation&#8230;<\/p>\n<p class=\"read-more\"><a class=\"btn btn-default\" href=\"https:\/\/lescalepaysanne.com\/index.php\/notre-histoire\/\">Lire la suite<span class=\"screen-reader-text\"> Lire la suite<\/span><\/a><\/p>\n","protected":false},"author":1,"featured_media":0,"parent":0,"menu_order":0,"comment_status":"closed","ping_status":"closed","template":"","meta":{"footnotes":""},"class_list":["post-193","page","type-page","status-publish","hentry"],"_links":{"self":[{"href":"https:\/\/lescalepaysanne.com\/index.php\/wp-json\/wp\/v2\/pages\/193","targetHints":{"allow":["GET"]}}],"collection":[{"href":"https:\/\/lescalepaysanne.com\/index.php\/wp-json\/wp\/v2\/pages"}],"about":[{"href":"https:\/\/lescalepaysanne.com\/index.php\/wp-json\/wp\/v2\/types\/page"}],"author":[{"embeddable":true,"href":"https:\/\/lescalepaysanne.com\/index.php\/wp-json\/wp\/v2\/users\/1"}],"replies":[{"embeddable":true,"href":"https:\/\/lescalepaysanne.com\/index.php\/wp-json\/wp\/v2\/comments?post=193"}],"version-history":[{"count":16,"href":"https:\/\/lescalepaysanne.com\/index.php\/wp-json\/wp\/v2\/pages\/193\/revisions"}],"predecessor-version":[{"id":485,"href":"https:\/\/lescalepaysanne.com\/index.php\/wp-json\/wp\/v2\/pages\/193\/revisions\/485"}],"wp:attachment":[{"href":"https:\/\/lescalepaysanne.com\/index.php\/wp-json\/wp\/v2\/media?parent=193"}],"curies":[{"name":"wp","href":"https:\/\/api.w.org\/{rel}","templated":true}]}}