{"id":74,"date":"2019-03-21T23:43:29","date_gmt":"2019-03-21T22:43:29","guid":{"rendered":"http:\/\/lescalepaysanne.com\/?page_id=74"},"modified":"2019-06-11T17:54:06","modified_gmt":"2019-06-11T15:54:06","slug":"nos-partenaires","status":"publish","type":"page","link":"https:\/\/lescalepaysanne.com\/index.php\/nos-partenaires\/","title":{"rendered":"Nos partenaires"},"content":{"rendered":"\n<h2 class=\"wp-block-heading\">Le Champ Commun<\/h2>\n\n\n\n<div class=\"wp-block-image\"><figure class=\"aligncenter\"><img loading=\"lazy\" decoding=\"async\" width=\"200\" height=\"200\" src=\"http:\/\/lescalepaysanne.com\/wp-content\/uploads\/2019\/05\/champ-commun-1-1.jpg\" alt=\"\" class=\"wp-image-617\" srcset=\"https:\/\/lescalepaysanne.com\/wp-content\/uploads\/2019\/05\/champ-commun-1-1.jpg 200w, https:\/\/lescalepaysanne.com\/wp-content\/uploads\/2019\/05\/champ-commun-1-1-150x150.jpg 150w, https:\/\/lescalepaysanne.com\/wp-content\/uploads\/2019\/05\/champ-commun-1-1-100x100.jpg 100w\" sizes=\"auto, (max-width: 200px) 100vw, 200px\" \/><\/figure><\/div>\n\n\n\n<p>Voil\u00e0 plus de 5 ans que cette coop\u00e9rative de services de proximit\u00e9\ns&rsquo;est install\u00e9e \u00e0 Augan.<\/p>\n\n\n\n<p class=\"has-drop-cap\"><strong>Le Champ Commun<\/strong> fait vivre des <strong>valeurs de coop\u00e9ration<\/strong> en rejet au mod\u00e8le dominant qui favorise la r\u00e9mun\u00e9ration du capital au d\u00e9triment de la dignit\u00e9 des travailleur.euse.s. C&rsquo;est en proposant un v\u00e9ritable\u00a0 fonctionnement alternatif \u00e0 une \u00e9conomie du profit et \u00e0 la grande distribution par la recherche de la qualit\u00e9 de leur biens et services et par la confiance instaur\u00e9 avec les producteur.ices que le Champ Commun propose d&rsquo;<strong>autres mani\u00e8res de faire ensemble<\/strong>. Concr\u00e8tement cela se traduit par une alimentation g\u00e9n\u00e9rale, un bar-caf\u00e9-concert et une activit\u00e9 de production de bi\u00e8re (micro-brasserie).<\/p>\n\n\n\n<p><em>Pour en savoir plus : <\/em><a href=\"http:\/\/www.lechampcommun.fr\"><em>http:\/\/www.lechampcommun.fr<\/em><\/a><\/p>\n\n\n\n<h2 class=\"wp-block-heading\">Clic Ta Berouette<\/h2>\n\n\n\n<div class=\"wp-block-image\"><figure class=\"aligncenter\"><img loading=\"lazy\" decoding=\"async\" width=\"225\" height=\"225\" src=\"http:\/\/lescalepaysanne.com\/wp-content\/uploads\/2019\/05\/clic-ta-berouette-1.jpg\" alt=\"\" class=\"wp-image-618\" srcset=\"https:\/\/lescalepaysanne.com\/wp-content\/uploads\/2019\/05\/clic-ta-berouette-1.jpg 225w, https:\/\/lescalepaysanne.com\/wp-content\/uploads\/2019\/05\/clic-ta-berouette-1-150x150.jpg 150w, https:\/\/lescalepaysanne.com\/wp-content\/uploads\/2019\/05\/clic-ta-berouette-1-100x100.jpg 100w\" sizes=\"auto, (max-width: 225px) 100vw, 225px\" \/><\/figure><\/div>\n\n\n\n<p class=\"has-drop-cap\">Cr\u00e9\u00e9e et port\u00e9e par des <strong>producteurs du pays de Plo\u00ebrmel<\/strong> et de ses alentours, le collectif \u00ab\u00a0clic ta berouette\u00a0\u00bb vous proposent une large gamme de produits bio ou en conversion bio. R\u00e9galez-vous en soutenant une agriculture paysanne locale\u00a0! Le respect de l&rsquo;environnement et de la biodiversit\u00e9.<br> <\/p>\n\n\n\n<p><em>Pour en savoir plus<\/em> :  <a href=\"https:\/\/www.clictaberouette.com\/\">https:\/\/www.clictaberouette.com\/<\/a> <\/p>\n\n\n\n<h2 class=\"wp-block-heading\">Plum FM &#8211; Radio locale de S\u00e9rent<\/h2>\n\n\n\n<div class=\"wp-block-image\"><figure class=\"aligncenter\"><img loading=\"lazy\" decoding=\"async\" width=\"537\" height=\"194\" src=\"http:\/\/lescalepaysanne.com\/wp-content\/uploads\/2019\/05\/PLUMFM.jpg\" alt=\"\" class=\"wp-image-612\" srcset=\"https:\/\/lescalepaysanne.com\/wp-content\/uploads\/2019\/05\/PLUMFM.jpg 537w, https:\/\/lescalepaysanne.com\/wp-content\/uploads\/2019\/05\/PLUMFM-300x108.jpg 300w\" sizes=\"auto, (max-width: 537px) 100vw, 537px\" \/><\/figure><\/div>\n\n\n\n<p><strong>\u00ab<em>&nbsp;La radio faite par tous, pour tous&nbsp;<\/em><\/strong><strong><em>est un outil de communication au service des habitants du territoire et vecteur de&nbsp;liens sociaux<\/em><\/strong><strong>.&nbsp;\u00bb<\/strong><\/p>\n\n\n\n<p>Cr\u00e9e en 1990 \u00e0 Plumelec, elle est aujourd&rsquo;hui situ\u00e9e \u00e0 S\u00e9rent dans le Morbihan.<\/p>\n\n\n\n<p class=\"has-drop-cap\">Plum&rsquo;fm est une\u00a0<strong>radio associative libre et ind\u00e9pendante<\/strong> qui se veut <strong>interg\u00e9n\u00e9rationnelle\u00a0<\/strong>avec des \u00e9missions tout azimut, emp\u00eacheuse de tourner en rond, agitatrice d&rsquo;id\u00e9es et\u00a0laboratoire radiophonique.\u00a0Plum&rsquo;fm est un m\u00e9dia participatif bas\u00e9\u00a0sur la libert\u00e9 d&rsquo;expression. Radio musicale, elle est aussi\u00a0un v\u00e9ritable outil p\u00e9dagogique et \u00e9ducatif.<\/p>\n\n\n\n<p><em>Pour en savoir plus<\/em> : <a href=\"http:\/\/www.plumfm.net\">http:\/\/www.plumfm.net<\/a><\/p>\n\n\n\n<h2 class=\"wp-block-heading\">Passeurs D&rsquo;images<\/h2>\n\n\n\n<div class=\"wp-block-image\"><figure class=\"aligncenter\"><img loading=\"lazy\" decoding=\"async\" width=\"230\" height=\"219\" src=\"http:\/\/lescalepaysanne.com\/wp-content\/uploads\/2019\/05\/Passeurs-dimages.png\" alt=\"\" class=\"wp-image-619\"\/><\/figure><\/div>\n\n\n\n<p class=\"has-drop-cap\">Cr\u00e9e en 2017, l&rsquo;association Passeurs d&rsquo;images affirme sa volont\u00e9 de travailler en \u00e9troite collaboration avec l&rsquo;ensemble des professionnels de l&rsquo;\u00e9ducation aux images et notamment avec les r\u00e9seaux de cin\u00e9ma et les p\u00f4les r\u00e9gionaux aux images. Pour l\u2019association il est <strong>essentiel de cr\u00e9er du lien <\/strong>entre le temps scolaire et p\u00e9riscolaire, <strong>d&rsquo;ouvrir et de d\u00e9cloisonner par la sensibilisation \u00e0 l&rsquo;image et \u00e0 la citoyennet\u00e9<\/strong>. Passeurs d&rsquo;images travaille notamment avec des jeunes sou protection judiciaire.<\/p>\n\n\n\n<p><em>Pour en savoir plus<\/em> : <a href=\"http:\/\/www.passeursdimages.fr\">http:\/\/www.passeursdimages.fr<\/a> <\/p>\n","protected":false},"excerpt":{"rendered":"<p>Le Champ Commun Voil\u00e0 plus de 5 ans que cette coop\u00e9rative de services de proximit\u00e9 s&rsquo;est install\u00e9e \u00e0 Augan. Le Champ Commun fait vivre des valeurs de coop\u00e9ration en rejet au mod\u00e8le dominant qui favorise la r\u00e9mun\u00e9ration du capital au d\u00e9triment de la dignit\u00e9 des travailleur.euse.s. C&rsquo;est en proposant un v\u00e9ritable\u00a0 fonctionnement alternatif \u00e0 une \u00e9conomie du profit et \u00e0 la grande distribution par la recherche de la qualit\u00e9 de leur biens et services et par la confiance instaur\u00e9 avec&#8230;<\/p>\n<p class=\"read-more\"><a class=\"btn btn-default\" href=\"https:\/\/lescalepaysanne.com\/index.php\/nos-partenaires\/\">Lire la suite<span class=\"screen-reader-text\"> Lire la suite<\/span><\/a><\/p>\n","protected":false},"author":1,"featured_media":0,"parent":0,"menu_order":0,"comment_status":"closed","ping_status":"closed","template":"","meta":{"footnotes":""},"class_list":["post-74","page","type-page","status-publish","hentry"],"_links":{"self":[{"href":"https:\/\/lescalepaysanne.com\/index.php\/wp-json\/wp\/v2\/pages\/74","targetHints":{"allow":["GET"]}}],"collection":[{"href":"https:\/\/lescalepaysanne.com\/index.php\/wp-json\/wp\/v2\/pages"}],"about":[{"href":"https:\/\/lescalepaysanne.com\/index.php\/wp-json\/wp\/v2\/types\/page"}],"author":[{"embeddable":true,"href":"https:\/\/lescalepaysanne.com\/index.php\/wp-json\/wp\/v2\/users\/1"}],"replies":[{"embeddable":true,"href":"https:\/\/lescalepaysanne.com\/index.php\/wp-json\/wp\/v2\/comments?post=74"}],"version-history":[{"count":7,"href":"https:\/\/lescalepaysanne.com\/index.php\/wp-json\/wp\/v2\/pages\/74\/revisions"}],"predecessor-version":[{"id":764,"href":"https:\/\/lescalepaysanne.com\/index.php\/wp-json\/wp\/v2\/pages\/74\/revisions\/764"}],"wp:attachment":[{"href":"https:\/\/lescalepaysanne.com\/index.php\/wp-json\/wp\/v2\/media?parent=74"}],"curies":[{"name":"wp","href":"https:\/\/api.w.org\/{rel}","templated":true}]}}